{"id":6776,"date":"2023-07-13T14:24:52","date_gmt":"2023-07-13T12:24:52","guid":{"rendered":"https:\/\/huxleysneuewelt.de\/?page_id=6776"},"modified":"2025-03-11T15:20:57","modified_gmt":"2025-03-11T14:20:57","slug":"faq","status":"publish","type":"page","link":"https:\/\/huxleysneuewelt.de\/en\/faq","title":{"rendered":"Frequently asked questions"},"content":{"rendered":"<div class=\"gb-container gb-container-916687bd\">\n\n<h3 class=\"gb-headline gb-headline-51ee7c58\"><span class=\"gb-icon\"><svg width=\"24\" viewbox=\"0 -960 960 960\" height=\"24\" xmlns=\"http:\/\/www.w3.org\/2000\/svg\"><path d=\"M580-240q-42 0-71-29t-29-71q0-42 29-71t71-29q42 0 71 29t29 71q0 42-29 71t-71 29ZM200-80q-33 0-56.5-23.5T120-160v-560q0-33 23.5-56.5T200-800h40v-80h80v80h320v-80h80v80h40q33 0 56.5 23.5T840-720v560q0 33-23.5 56.5T760-80H200Zm0-80h560v-400H200v400Zm0-480h560v-80H200v80Zm0 0v-80 80Z\"><\/path><\/svg><\/span><span class=\"gb-headline-text\">Event<\/span><\/h3>\n\n\n\n<div class=\"schema-faq wp-block-yoast-faq-block schema-faq-accordion\"><div class=\"schema-faq-section\" id=\"faq-question-1695128004922\"><strong class=\"schema-faq-question\"><strong>What age restrictions apply at the events at Huxleys?<\/strong><\/strong> <p class=\"schema-faq-answer translation-block\">According to the German Youth Protection Act (JuSchG), the following rules apply:<br><strong><em>Persons under the age of 18<\/em><\/strong><br>Young people between the ages of 16 and 18 may attend concerts (\u201cdance events\u201d) until midnight without adult supervision, upon presentation of photo ID. Student ID cards are not accepted. <br><strong><em>Persons under 16 years of age<\/em><\/strong><br>Children and young people aged 6 to 15 inclusive may only attend the concert when accompanied by a parent or guardian (or an adult authorized by the parent or guardian).<br><a href=\"\/wp-content\/uploads\/Huxleys_Erziehungsbeauftragungformular.pdf\" target=\"\u201c_self\u201d\">Download parental consent form<\/a><br>Children aged 6 and above require a valid ticket to attend one of our events. <br><strong><em>Persons under the age of 6<\/em><\/strong><br>Children under the age of 6 are not permitted to attend our events. <br>The only exception to this rule are events that are declared as <em>\u201c<strong>18+<\/strong><\/em>.\u201d Only persons of legal age are permitted to attend these events.\n\nTranslated with DeepL.com (free version)<\/p> <\/div> <div class=\"schema-faq-section\" id=\"faq-question-1697113556670\"><strong class=\"schema-faq-question\">Will there be a box office?<\/strong> <p class=\"schema-faq-answer\">At Huxleys there is a box office in the main entrance that can be used when concerts are not sold out. The box office opens at the admission time indicated on our website for each event. Please note that the box office only sells tickets for the current event. If you have further questions regarding tickets, please contact the organizer.<\/p> <\/div> <div class=\"schema-faq-section\" id=\"faq-question-1697113524558\"><strong class=\"schema-faq-question\">Is it allowed to bring a bag, backpack or umbrella to the event at Huxleys?<\/strong> <p class=\"schema-faq-answer\">Only bags that do not exceed the size of a DIN A4 format (21.0 x 29.7 cm) may be brought. There is a possibility that stricter regulations apply depending on the event and organizer. In this case, these are noted on the corresponding event page.<\/p> <\/div> <div class=\"schema-faq-section\" id=\"faq-question-1697113684190\"><strong class=\"schema-faq-question\">Is there a lost property office for lost items?<\/strong> <p class=\"schema-faq-answer\">Please contact our staff via the<a href=\"\/en\/lostandfound\/\"> Lost &amp; Found page<\/a>.<\/p> <\/div> <\/div>\n\n<\/div>\n\n<div class=\"gb-container gb-container-b804e4a6\">\n\n<h3 class=\"gb-headline gb-headline-1656b7bd\"><span class=\"gb-icon\"><svg width=\"24\" viewbox=\"0 -960 960 960\" height=\"24\" xmlns=\"http:\/\/www.w3.org\/2000\/svg\"><path d=\"M320-200h280v-400h-80q-28 0-46 14t-43 41q-20 22-46.5 45.5T320-465v265Zm-80 80v-346q-52-14-86-56t-34-98q0-53 30.5-94t78.5-57q23-48 68.5-78T400-879q35 0 65.5 12t55.5 32q10-2 19-3.5t20-1.5q66 0 113 47t47 113q0 22-5.5 42T698-600h62q33 0 56.5 23.5T840-520v240q0 33-23.5 56.5T760-200h-80v80H240Zm-40-500q0 33 23.5 56.5T280-540q32 0 54.5-21t46.5-47q25-27 56.5-49.5T520-680h120q0-33-23.5-56.5T560-760q-25 0-42 6.5l-17 6.5-31-26q-11-9-28.5-17.5T400-799q-32 0-58.5 17T301-736l-14 30-32 11q-25 8-40 28.5T200-620Zm480 340h80v-240h-80v240Zm-360 80h280-280Z\"><\/path><\/svg><\/span><span class=\"gb-headline-text\">Gastronomy<\/span><\/h3>\n\n\n\n<div class=\"schema-faq wp-block-yoast-faq-block schema-faq-accordion\"><div class=\"schema-faq-section\" id=\"faq-question-1689347521945\"><strong class=\"schema-faq-question\">Can I pay by card at the bar?<\/strong> <p class=\"schema-faq-answer\">Card payment at the bar is not a problem. We accept Visa, Mastercard and EC.<\/p> <\/div> <\/div>\n\n<\/div>\n\n<div class=\"gb-container gb-container-69d79607\">\n\n<h3 class=\"gb-headline gb-headline-a8d6ad7a\"><span class=\"gb-icon\"><svg width=\"24\" viewbox=\"0 -960 960 960\" height=\"24\" xmlns=\"http:\/\/www.w3.org\/2000\/svg\"><path d=\"M480-280q17 0 28.5-11.5T520-320q0-17-11.5-28.5T480-360q-17 0-28.5 11.5T440-320q0 17 11.5 28.5T480-280Zm0-160q17 0 28.5-11.5T520-480q0-17-11.5-28.5T480-520q-17 0-28.5 11.5T440-480q0 17 11.5 28.5T480-440Zm0-160q17 0 28.5-11.5T520-640q0-17-11.5-28.5T480-680q-17 0-28.5 11.5T440-640q0 17 11.5 28.5T480-600Zm320 440H160q-33 0-56.5-23.5T80-240v-160q33 0 56.5-23.5T160-480q0-33-23.5-56.5T80-560v-160q0-33 23.5-56.5T160-800h640q33 0 56.5 23.5T880-720v160q-33 0-56.5 23.5T800-480q0 33 23.5 56.5T880-400v160q0 33-23.5 56.5T800-160Zm0-80v-102q-37-22-58.5-58.5T720-480q0-43 21.5-79.5T800-618v-102H160v102q37 22 58.5 58.5T240-480q0 43-21.5 79.5T160-342v102h640ZM480-480Z\"><\/path><\/svg><\/span><span class=\"gb-headline-text\">Tickets<\/span><\/h3>\n\n\n\n<div class=\"schema-faq wp-block-yoast-faq-block schema-faq-accordion\"><div class=\"schema-faq-section\" id=\"faq-question-1689347521945\"><strong class=\"schema-faq-question\">Where can I buy tickets for an event at Huxleys?<\/strong> <p class=\"schema-faq-answer\">We do not have an advance booking office on site. We recommend Dodo Beach at Vorbergstra\u00dfe 8, 10823 Berlin. Also, there is usually always a ticket link on the event detail page.<\/p> <\/div> <\/div>\n\n<\/div>","protected":false},"excerpt":{"rendered":"<p>Veranstaltung Gastronomie Tickets<\/p>","protected":false},"author":1,"featured_media":0,"parent":0,"menu_order":0,"comment_status":"closed","ping_status":"closed","template":"","meta":{"_acf_changed":false,"footnotes":""},"class_list":["post-6776","page","type-page","status-publish"],"acf":[],"yoast_head":"<!-- This site is optimized with the Yoast SEO plugin v27.4 - https:\/\/yoast.com\/product\/yoast-seo-wordpress\/ -->\n<title>H\u00e4ufige Fragen - Huxleys Neue Welt<\/title>\n<meta name=\"robots\" content=\"index, follow, max-snippet:-1, max-image-preview:large, max-video-preview:-1\" \/>\n<link rel=\"canonical\" href=\"https:\/\/huxleysneuewelt.de\/en\/faq\/\" \/>\n<meta property=\"og:locale\" content=\"en_GB\" \/>\n<meta property=\"og:type\" content=\"article\" \/>\n<meta property=\"og:title\" content=\"H\u00e4ufige Fragen - Huxleys Neue Welt\" \/>\n<meta property=\"og:description\" content=\"Veranstaltung Gastronomie Tickets\" \/>\n<meta property=\"og:url\" content=\"https:\/\/huxleysneuewelt.de\/en\/faq\/\" \/>\n<meta property=\"og:site_name\" content=\"Huxleys Neue Welt\" \/>\n<meta property=\"article:publisher\" content=\"https:\/\/facebook.com\/huxleysneuewelt\" \/>\n<meta property=\"article:modified_time\" content=\"2025-03-11T14:20:57+00:00\" \/>\n<meta name=\"twitter:card\" content=\"summary_large_image\" \/>\n<meta name=\"twitter:site\" content=\"@huxleysneuewelt\" \/>\n<meta name=\"twitter:label1\" content=\"Estimated reading time\" \/>\n\t<meta name=\"twitter:data1\" content=\"2 minutes\" \/>\n<script type=\"application\/ld+json\" class=\"yoast-schema-graph\">{\"@context\":\"https:\\\/\\\/schema.org\",\"@graph\":[{\"@type\":[\"WebPage\",\"FAQPage\"],\"@id\":\"https:\\\/\\\/huxleysneuewelt.de\\\/faq\",\"url\":\"https:\\\/\\\/huxleysneuewelt.de\\\/faq\",\"name\":\"H\u00e4ufige Fragen - Huxleys Neue Welt\",\"isPartOf\":{\"@id\":\"https:\\\/\\\/huxleysneuewelt.de\\\/#website\"},\"datePublished\":\"2023-07-13T12:24:52+00:00\",\"dateModified\":\"2025-03-11T14:20:57+00:00\",\"breadcrumb\":{\"@id\":\"https:\\\/\\\/huxleysneuewelt.de\\\/faq#breadcrumb\"},\"mainEntity\":[{\"@id\":\"https:\\\/\\\/huxleysneuewelt.de\\\/faq#faq-question-1695128004922\"},{\"@id\":\"https:\\\/\\\/huxleysneuewelt.de\\\/faq#faq-question-1697113556670\"},{\"@id\":\"https:\\\/\\\/huxleysneuewelt.de\\\/faq#faq-question-1697113524558\"},{\"@id\":\"https:\\\/\\\/huxleysneuewelt.de\\\/faq#faq-question-1697113684190\"},{\"@id\":\"https:\\\/\\\/huxleysneuewelt.de\\\/faq#faq-question-1689347521945\"},{\"@id\":\"https:\\\/\\\/huxleysneuewelt.de\\\/faq#faq-question-1689347521945\"}],\"inLanguage\":\"en-GB\",\"potentialAction\":[{\"@type\":\"ReadAction\",\"target\":[\"https:\\\/\\\/huxleysneuewelt.de\\\/faq\"]}]},{\"@type\":\"BreadcrumbList\",\"@id\":\"https:\\\/\\\/huxleysneuewelt.de\\\/faq#breadcrumb\",\"itemListElement\":[{\"@type\":\"ListItem\",\"position\":1,\"name\":\"Home\",\"item\":\"https:\\\/\\\/huxleysneuewelt.de\\\/\"},{\"@type\":\"ListItem\",\"position\":2,\"name\":\"H\u00e4ufige Fragen\"}]},{\"@type\":\"WebSite\",\"@id\":\"https:\\\/\\\/huxleysneuewelt.de\\\/#website\",\"url\":\"https:\\\/\\\/huxleysneuewelt.de\\\/\",\"name\":\"Huxleys Neue Welt\",\"description\":\"\",\"publisher\":{\"@id\":\"https:\\\/\\\/huxleysneuewelt.de\\\/#organization\"},\"potentialAction\":[{\"@type\":\"SearchAction\",\"target\":{\"@type\":\"EntryPoint\",\"urlTemplate\":\"https:\\\/\\\/huxleysneuewelt.de\\\/?s={search_term_string}\"},\"query-input\":{\"@type\":\"PropertyValueSpecification\",\"valueRequired\":true,\"valueName\":\"search_term_string\"}}],\"inLanguage\":\"en-GB\"},{\"@type\":\"Organization\",\"@id\":\"https:\\\/\\\/huxleysneuewelt.de\\\/#organization\",\"name\":\"Huxleys Neue Welt\",\"url\":\"https:\\\/\\\/huxleysneuewelt.de\\\/\",\"logo\":{\"@type\":\"ImageObject\",\"inLanguage\":\"en-GB\",\"@id\":\"https:\\\/\\\/huxleysneuewelt.de\\\/#\\\/schema\\\/logo\\\/image\\\/\",\"url\":\"https:\\\/\\\/huxleysneuewelt.de\\\/wp-content\\\/uploads\\\/2018\\\/07\\\/Huxleys_Neue_Welt_Logo.png\",\"contentUrl\":\"https:\\\/\\\/huxleysneuewelt.de\\\/wp-content\\\/uploads\\\/2018\\\/07\\\/Huxleys_Neue_Welt_Logo.png\",\"width\":1200,\"height\":415,\"caption\":\"Huxleys Neue Welt\"},\"image\":{\"@id\":\"https:\\\/\\\/huxleysneuewelt.de\\\/#\\\/schema\\\/logo\\\/image\\\/\"},\"sameAs\":[\"https:\\\/\\\/facebook.com\\\/huxleysneuewelt\",\"https:\\\/\\\/x.com\\\/huxleysneuewelt\",\"https:\\\/\\\/www.instagram.com\\\/huxleysneuewelt\\\/\"]},{\"@type\":\"Question\",\"@id\":\"https:\\\/\\\/huxleysneuewelt.de\\\/faq#faq-question-1695128004922\",\"position\":1,\"url\":\"https:\\\/\\\/huxleysneuewelt.de\\\/faq#faq-question-1695128004922\",\"name\":\"Welche Altersbeschr\u00e4nkungen gelten auf den Veranstaltungen im Huxleys?\",\"answerCount\":1,\"acceptedAnswer\":{\"@type\":\"Answer\",\"text\":\"Gem\u00e4\u00df JuSchG gelten folgende Regeln:<br\\\/><strong><em>Personen unter 18 Jahre<\\\/em><\\\/strong><br\\\/>Jugendliche im Alter zwischen 16 und 18 Jahre d\u00fcrfen Konzerte (\u201eTanzveranstaltungen\u201c) bis Mitternacht ohne Begleitung Erwachsener, nach Vorlage eines Lichtbildausweises, besuchen. Sch\u00fclerausweise werden nicht akzeptiert.<br\\\/><strong><em>Personen unter 16 Jahre<\\\/em><\\\/strong><br\\\/>Kinder und Jugendliche im Alter von 6 bis einschlie\u00dflich 15 Jahre d\u00fcrfen das Konzert nur in Begleitung eines Erziehungsberechtigten (bzw. einer von den Erziehungsberechtigten beauftragten, vollj\u00e4hrigen Person) besuchen.<br\\\/><a href=\\\"\\\/wp-content\\\/uploads\\\/Huxleys_Erziehungsbeauftragungformular.pdf\\\">Download Erziehungsbeauftragungformular<\\\/a><br\\\/>Kinder ab 6 Jahren ben\u00f6tigen f\u00fcr den Besuch einer unserer Veranstaltungen eine g\u00fcltige Eintrittskarte<br\\\/><strong><em>Personen unter 6 Jahre<\\\/em><\\\/strong><br\\\/>Kinder unter 6 Jahre haben keinen Zutritt auf unseren Veranstaltungen.<br\\\/>Eine Ausnahme bilden Veranstaltungen welche\u00a0<em>\u201e<strong>ab 18 Jahren\u201c<\\\/strong><\\\/em>\u00a0deklariert sind. Hier haben nur vollj\u00e4hrige Personen Zutritt.\",\"inLanguage\":\"en-GB\"},\"inLanguage\":\"en-GB\"},{\"@type\":\"Question\",\"@id\":\"https:\\\/\\\/huxleysneuewelt.de\\\/faq#faq-question-1697113556670\",\"position\":2,\"url\":\"https:\\\/\\\/huxleysneuewelt.de\\\/faq#faq-question-1697113556670\",\"name\":\"Gibt es eine Abendkasse?\",\"answerCount\":1,\"acceptedAnswer\":{\"@type\":\"Answer\",\"text\":\"Im Huxleys gibt es eine Abendkasse im Haupteingang, die genutzt werden kann, wenn Konzerte nicht ausverkauft sind. Die Abendkasse \u00f6ffnet jeweils zur Einlasszeit, die auf unserer Website f\u00fcr jede Veranstaltung angegeben ist. Bitte beachte, dass die Abendkasse nur Tickets f\u00fcr die aktuelle Veranstaltung verkauft. Wenn du weitere Fragen bez\u00fcglich Tickets hast, kontaktiere bitte den Veranstalter.\",\"inLanguage\":\"en-GB\"},\"inLanguage\":\"en-GB\"},{\"@type\":\"Question\",\"@id\":\"https:\\\/\\\/huxleysneuewelt.de\\\/faq#faq-question-1697113524558\",\"position\":3,\"url\":\"https:\\\/\\\/huxleysneuewelt.de\\\/faq#faq-question-1697113524558\",\"name\":\"Ist es gestattet, eine Tasche, einen Rucksack oder einen Regenschirm zum Event ins Huxleys mitzubringen?\",\"answerCount\":1,\"acceptedAnswer\":{\"@type\":\"Answer\",\"text\":\"Nur Taschen, die die Gr\u00f6\u00dfe eines DIN A4 Formats (21,0 x 29,7 cm) nicht \u00fcberschreiten, d\u00fcrfen mitgebracht werden. Es besteht die M\u00f6glichkeit, dass je nach Event und Veranstalter strengere Vorschriften gelten. In diesem Fall sind diese auf der entsprechenden Eventseite vermerkt.\",\"inLanguage\":\"en-GB\"},\"inLanguage\":\"en-GB\"},{\"@type\":\"Question\",\"@id\":\"https:\\\/\\\/huxleysneuewelt.de\\\/faq#faq-question-1697113684190\",\"position\":4,\"url\":\"https:\\\/\\\/huxleysneuewelt.de\\\/faq#faq-question-1697113684190\",\"name\":\"Gibt es ein Fundb\u00fcro f\u00fcr verloren gegangene Gegenst\u00e4nde?\",\"answerCount\":1,\"acceptedAnswer\":{\"@type\":\"Answer\",\"text\":\"Bitte wende dich an unsere Mitarbeiter \u00fcber die<a href=\\\"\\\/lostandfound\\\"> Lost &amp; Found Seite<\\\/a>.\",\"inLanguage\":\"en-GB\"},\"inLanguage\":\"en-GB\"},{\"@type\":\"Question\",\"@id\":\"https:\\\/\\\/huxleysneuewelt.de\\\/faq#faq-question-1689347521945\",\"position\":5,\"url\":\"https:\\\/\\\/huxleysneuewelt.de\\\/faq#faq-question-1689347521945\",\"name\":\"Kann ich an der Bar mit Karte zahlen?\",\"answerCount\":1,\"acceptedAnswer\":{\"@type\":\"Answer\",\"text\":\"Kartenzahlung an der Bar ist kein Problem. Wir akzeptieren, Visa, Mastercard und EC.\",\"inLanguage\":\"en-GB\"},\"inLanguage\":\"en-GB\"},{\"@type\":\"Question\",\"@id\":\"https:\\\/\\\/huxleysneuewelt.de\\\/faq#faq-question-1689347521945\",\"position\":6,\"url\":\"https:\\\/\\\/huxleysneuewelt.de\\\/faq#faq-question-1689347521945\",\"name\":\"Wo kann ich Tickets f\u00fcr ein Event im Huxleys kaufen?\",\"answerCount\":1,\"acceptedAnswer\":{\"@type\":\"Answer\",\"text\":\"Vor Ort haben wir keine Vorverkaufsstelle. Wir empfehlen Dodo Beach in der Vorbergstra\u00dfe 8, 10823 Berlin. Au\u00dferdem steht in der Regel immer ein Ticketlink auf der Veranstaltungsdetailseite.\",\"inLanguage\":\"en-GB\"},\"inLanguage\":\"en-GB\"}]}<\/script>\n<!-- \/ Yoast SEO plugin. -->","yoast_head_json":{"title":"H\u00e4ufige Fragen - Huxleys Neue Welt","robots":{"index":"index","follow":"follow","max-snippet":"max-snippet:-1","max-image-preview":"max-image-preview:large","max-video-preview":"max-video-preview:-1"},"canonical":"https:\/\/huxleysneuewelt.de\/en\/faq\/","og_locale":"en_GB","og_type":"article","og_title":"H\u00e4ufige Fragen - Huxleys Neue Welt","og_description":"Veranstaltung Gastronomie Tickets","og_url":"https:\/\/huxleysneuewelt.de\/en\/faq\/","og_site_name":"Huxleys Neue Welt","article_publisher":"https:\/\/facebook.com\/huxleysneuewelt","article_modified_time":"2025-03-11T14:20:57+00:00","twitter_card":"summary_large_image","twitter_site":"@huxleysneuewelt","twitter_misc":{"Estimated reading time":"2 minutes"},"schema":{"@context":"https:\/\/schema.org","@graph":[{"@type":["WebPage","FAQPage"],"@id":"https:\/\/huxleysneuewelt.de\/faq","url":"https:\/\/huxleysneuewelt.de\/faq","name":"H\u00e4ufige Fragen - Huxleys Neue Welt","isPartOf":{"@id":"https:\/\/huxleysneuewelt.de\/#website"},"datePublished":"2023-07-13T12:24:52+00:00","dateModified":"2025-03-11T14:20:57+00:00","breadcrumb":{"@id":"https:\/\/huxleysneuewelt.de\/faq#breadcrumb"},"mainEntity":[{"@id":"https:\/\/huxleysneuewelt.de\/faq#faq-question-1695128004922"},{"@id":"https:\/\/huxleysneuewelt.de\/faq#faq-question-1697113556670"},{"@id":"https:\/\/huxleysneuewelt.de\/faq#faq-question-1697113524558"},{"@id":"https:\/\/huxleysneuewelt.de\/faq#faq-question-1697113684190"},{"@id":"https:\/\/huxleysneuewelt.de\/faq#faq-question-1689347521945"},{"@id":"https:\/\/huxleysneuewelt.de\/faq#faq-question-1689347521945"}],"inLanguage":"en-GB","potentialAction":[{"@type":"ReadAction","target":["https:\/\/huxleysneuewelt.de\/faq"]}]},{"@type":"BreadcrumbList","@id":"https:\/\/huxleysneuewelt.de\/faq#breadcrumb","itemListElement":[{"@type":"ListItem","position":1,"name":"Home","item":"https:\/\/huxleysneuewelt.de\/"},{"@type":"ListItem","position":2,"name":"H\u00e4ufige Fragen"}]},{"@type":"WebSite","@id":"https:\/\/huxleysneuewelt.de\/#website","url":"https:\/\/huxleysneuewelt.de\/","name":"Huxleys Neue Welt","description":"","publisher":{"@id":"https:\/\/huxleysneuewelt.de\/#organization"},"potentialAction":[{"@type":"SearchAction","target":{"@type":"EntryPoint","urlTemplate":"https:\/\/huxleysneuewelt.de\/?s={search_term_string}"},"query-input":{"@type":"PropertyValueSpecification","valueRequired":true,"valueName":"search_term_string"}}],"inLanguage":"en-GB"},{"@type":"Organization","@id":"https:\/\/huxleysneuewelt.de\/#organization","name":"Huxleys Neue Welt","url":"https:\/\/huxleysneuewelt.de\/","logo":{"@type":"ImageObject","inLanguage":"en-GB","@id":"https:\/\/huxleysneuewelt.de\/#\/schema\/logo\/image\/","url":"https:\/\/huxleysneuewelt.de\/wp-content\/uploads\/2018\/07\/Huxleys_Neue_Welt_Logo.png","contentUrl":"https:\/\/huxleysneuewelt.de\/wp-content\/uploads\/2018\/07\/Huxleys_Neue_Welt_Logo.png","width":1200,"height":415,"caption":"Huxleys Neue Welt"},"image":{"@id":"https:\/\/huxleysneuewelt.de\/#\/schema\/logo\/image\/"},"sameAs":["https:\/\/facebook.com\/huxleysneuewelt","https:\/\/x.com\/huxleysneuewelt","https:\/\/www.instagram.com\/huxleysneuewelt\/"]},{"@type":"Question","@id":"https:\/\/huxleysneuewelt.de\/faq#faq-question-1695128004922","position":1,"url":"https:\/\/huxleysneuewelt.de\/faq#faq-question-1695128004922","name":"What age restrictions apply at the events at Huxleys?","answerCount":1,"acceptedAnswer":{"@type":"Answer","text":"Gem\u00e4\u00df JuSchG gelten folgende Regeln:<br\/><strong><em>Personen unter 18 Jahre<\/em><\/strong><br\/>Jugendliche im Alter zwischen 16 und 18 Jahre d\u00fcrfen Konzerte (\u201eTanzveranstaltungen\u201c) bis Mitternacht ohne Begleitung Erwachsener, nach Vorlage eines Lichtbildausweises, besuchen. Sch\u00fclerausweise werden nicht akzeptiert.<br\/><strong><em>Personen unter 16 Jahre<\/em><\/strong><br\/>Kinder und Jugendliche im Alter von 6 bis einschlie\u00dflich 15 Jahre d\u00fcrfen das Konzert nur in Begleitung eines Erziehungsberechtigten (bzw. einer von den Erziehungsberechtigten beauftragten, vollj\u00e4hrigen Person) besuchen.<br\/><a href=\"\/wp-content\/uploads\/Huxleys_Erziehungsbeauftragungformular.pdf\">Download Erziehungsbeauftragungformular<\/a><br\/>Kinder ab 6 Jahren ben\u00f6tigen f\u00fcr den Besuch einer unserer Veranstaltungen eine g\u00fcltige Eintrittskarte<br\/><strong><em>Personen unter 6 Jahre<\/em><\/strong><br\/>Kinder unter 6 Jahre haben keinen Zutritt auf unseren Veranstaltungen.<br\/>Eine Ausnahme bilden Veranstaltungen welche\u00a0<em>\u201e<strong>ab 18 Jahren\u201c<\/strong><\/em>\u00a0deklariert sind. Hier haben nur vollj\u00e4hrige Personen Zutritt.","inLanguage":"en-GB"},"inLanguage":"en-GB"},{"@type":"Question","@id":"https:\/\/huxleysneuewelt.de\/faq#faq-question-1697113556670","position":2,"url":"https:\/\/huxleysneuewelt.de\/faq#faq-question-1697113556670","name":"Will there be a box office?","answerCount":1,"acceptedAnswer":{"@type":"Answer","text":"Im Huxleys gibt es eine Abendkasse im Haupteingang, die genutzt werden kann, wenn Konzerte nicht ausverkauft sind. Die Abendkasse \u00f6ffnet jeweils zur Einlasszeit, die auf unserer Website f\u00fcr jede Veranstaltung angegeben ist. Bitte beachte, dass die Abendkasse nur Tickets f\u00fcr die aktuelle Veranstaltung verkauft. Wenn du weitere Fragen bez\u00fcglich Tickets hast, kontaktiere bitte den Veranstalter.","inLanguage":"en-GB"},"inLanguage":"en-GB"},{"@type":"Question","@id":"https:\/\/huxleysneuewelt.de\/faq#faq-question-1697113524558","position":3,"url":"https:\/\/huxleysneuewelt.de\/faq#faq-question-1697113524558","name":"Is it allowed to bring a bag, backpack or umbrella to the event at Huxleys?","answerCount":1,"acceptedAnswer":{"@type":"Answer","text":"Nur Taschen, die die Gr\u00f6\u00dfe eines DIN A4 Formats (21,0 x 29,7 cm) nicht \u00fcberschreiten, d\u00fcrfen mitgebracht werden. Es besteht die M\u00f6glichkeit, dass je nach Event und Veranstalter strengere Vorschriften gelten. In diesem Fall sind diese auf der entsprechenden Eventseite vermerkt.","inLanguage":"en-GB"},"inLanguage":"en-GB"},{"@type":"Question","@id":"https:\/\/huxleysneuewelt.de\/faq#faq-question-1697113684190","position":4,"url":"https:\/\/huxleysneuewelt.de\/faq#faq-question-1697113684190","name":"Is there a lost property office for lost items?","answerCount":1,"acceptedAnswer":{"@type":"Answer","text":"Bitte wende dich an unsere Mitarbeiter \u00fcber die<a href=\"\/lostandfound\"> Lost &amp; Found Seite<\/a>.","inLanguage":"en-GB"},"inLanguage":"en-GB"},{"@type":"Question","@id":"https:\/\/huxleysneuewelt.de\/faq#faq-question-1689347521945","position":5,"url":"https:\/\/huxleysneuewelt.de\/faq#faq-question-1689347521945","name":"Can I pay by card at the bar?","answerCount":1,"acceptedAnswer":{"@type":"Answer","text":"Kartenzahlung an der Bar ist kein Problem. Wir akzeptieren, Visa, Mastercard und EC.","inLanguage":"en-GB"},"inLanguage":"en-GB"},{"@type":"Question","@id":"https:\/\/huxleysneuewelt.de\/faq#faq-question-1689347521945","position":6,"url":"https:\/\/huxleysneuewelt.de\/faq#faq-question-1689347521945","name":"Where can I buy tickets for an event at Huxleys?","answerCount":1,"acceptedAnswer":{"@type":"Answer","text":"Vor Ort haben wir keine Vorverkaufsstelle. Wir empfehlen Dodo Beach in der Vorbergstra\u00dfe 8, 10823 Berlin. Au\u00dferdem steht in der Regel immer ein Ticketlink auf der Veranstaltungsdetailseite.","inLanguage":"en-GB"},"inLanguage":"en-GB"}]}},"_links":{"self":[{"href":"https:\/\/huxleysneuewelt.de\/en\/wp-json\/wp\/v2\/pages\/6776","targetHints":{"allow":["GET"]}}],"collection":[{"href":"https:\/\/huxleysneuewelt.de\/en\/wp-json\/wp\/v2\/pages"}],"about":[{"href":"https:\/\/huxleysneuewelt.de\/en\/wp-json\/wp\/v2\/types\/page"}],"author":[{"embeddable":true,"href":"https:\/\/huxleysneuewelt.de\/en\/wp-json\/wp\/v2\/users\/1"}],"replies":[{"embeddable":true,"href":"https:\/\/huxleysneuewelt.de\/en\/wp-json\/wp\/v2\/comments?post=6776"}],"version-history":[{"count":37,"href":"https:\/\/huxleysneuewelt.de\/en\/wp-json\/wp\/v2\/pages\/6776\/revisions"}],"predecessor-version":[{"id":8663,"href":"https:\/\/huxleysneuewelt.de\/en\/wp-json\/wp\/v2\/pages\/6776\/revisions\/8663"}],"wp:attachment":[{"href":"https:\/\/huxleysneuewelt.de\/en\/wp-json\/wp\/v2\/media?parent=6776"}],"curies":[{"name":"wp","href":"https:\/\/api.w.org\/{rel}","templated":true}]}}