{"id":6818,"date":"2023-07-13T17:52:17","date_gmt":"2023-07-13T15:52:17","guid":{"rendered":"https:\/\/huxleysneuewelt.de\/?page_id=6818"},"modified":"2026-02-26T16:42:38","modified_gmt":"2026-02-26T15:42:38","slug":"accessibility","status":"publish","type":"page","link":"https:\/\/huxleysneuewelt.de\/en\/accessibility","title":{"rendered":"Accessibility"},"content":{"rendered":"<p class=\"translation-block\"><strong>With a B (need for constant accompaniment), H (helplessness) or BL (blindness) in your severely disabled ID, you are entitled<\/strong> to take an accompanying person with you free of charge. It is important that you have a valid ticket, as well as the corresponding identification card with one of the mentioned signs.<\/p>\n\n\n\n<p>Access to the concert hall itself is via an elevator, which can be reached directly from the main entrance. Our security at the entrance is also available to help you find your way around the building. There is also a barrier-free toilet in the sanitary area, which is kept clean and supervised by our cleaning staff. You will receive a key directly on site from our staff. In front of the stage there is a closed off area for you and an accompanying person. Even if you can prove a medically certified need to carry a seat, there is room for you here. However, people in wheelchairs always have the right to a seat in case of limited capacity.<\/p>","protected":false},"excerpt":{"rendered":"<p>Mit einem B (Notwendigkeit st\u00e4ndiger Begleitung), H (Hilflosigkeit) oder BL (Blindheit) in deinem Schwerbehindertenausweis, bist du berechtigt, eine Begleitperson kostenlos mitzunehmen. Wichtig ist, dass du \u00fcber eine g\u00fcltige Eintrittskarte, sowie den entsprechenden Ausweis mit einem der genannten Merkzeichen verf\u00fcgst. Der Zugang zum Konzertsaal selbst ist \u00fcber einen Aufzug zu nehmen, der direkt \u00fcber den Haupteingang &#8230; <a title=\"Accessibility\" class=\"read-more\" href=\"https:\/\/huxleysneuewelt.de\/en\/accessibility\" aria-label=\"Read more about Barrierefreiheit\">Read more<\/a><\/p>","protected":false},"author":1,"featured_media":0,"parent":0,"menu_order":0,"comment_status":"closed","ping_status":"closed","template":"","meta":{"_acf_changed":false,"footnotes":""},"class_list":["post-6818","page","type-page","status-publish"],"acf":[],"yoast_head":"<!-- This site is optimized with the Yoast SEO plugin v27.4 - https:\/\/yoast.com\/product\/yoast-seo-wordpress\/ -->\n<title>Barrierefreiheit - Huxleys Neue Welt<\/title>\n<meta name=\"robots\" content=\"index, follow, max-snippet:-1, max-image-preview:large, max-video-preview:-1\" \/>\n<link rel=\"canonical\" href=\"https:\/\/huxleysneuewelt.de\/en\/accessibility\/\" \/>\n<meta property=\"og:locale\" content=\"en_GB\" \/>\n<meta property=\"og:type\" content=\"article\" \/>\n<meta property=\"og:title\" content=\"Barrierefreiheit - Huxleys Neue Welt\" \/>\n<meta property=\"og:description\" content=\"Mit einem B (Notwendigkeit st\u00e4ndiger Begleitung), H (Hilflosigkeit) oder BL (Blindheit) in deinem Schwerbehindertenausweis, bist du berechtigt, eine Begleitperson kostenlos mitzunehmen. Wichtig ist, dass du \u00fcber eine g\u00fcltige Eintrittskarte, sowie den entsprechenden Ausweis mit einem der genannten Merkzeichen verf\u00fcgst. Der Zugang zum Konzertsaal selbst ist \u00fcber einen Aufzug zu nehmen, der direkt \u00fcber den Haupteingang ... Read more\" \/>\n<meta property=\"og:url\" content=\"https:\/\/huxleysneuewelt.de\/en\/accessibility\/\" \/>\n<meta property=\"og:site_name\" content=\"Huxleys Neue Welt\" \/>\n<meta property=\"article:publisher\" content=\"https:\/\/facebook.com\/huxleysneuewelt\" \/>\n<meta property=\"article:modified_time\" content=\"2026-02-26T15:42:38+00:00\" \/>\n<meta name=\"twitter:card\" content=\"summary_large_image\" \/>\n<meta name=\"twitter:site\" content=\"@huxleysneuewelt\" \/>\n<meta name=\"twitter:label1\" content=\"Estimated reading time\" \/>\n\t<meta name=\"twitter:data1\" content=\"1 minute\" \/>\n<script type=\"application\/ld+json\" class=\"yoast-schema-graph\">{\"@context\":\"https:\\\/\\\/schema.org\",\"@graph\":[{\"@type\":\"WebPage\",\"@id\":\"https:\\\/\\\/huxleysneuewelt.de\\\/accessibility\",\"url\":\"https:\\\/\\\/huxleysneuewelt.de\\\/accessibility\",\"name\":\"Barrierefreiheit - Huxleys Neue Welt\",\"isPartOf\":{\"@id\":\"https:\\\/\\\/huxleysneuewelt.de\\\/#website\"},\"datePublished\":\"2023-07-13T15:52:17+00:00\",\"dateModified\":\"2026-02-26T15:42:38+00:00\",\"breadcrumb\":{\"@id\":\"https:\\\/\\\/huxleysneuewelt.de\\\/accessibility#breadcrumb\"},\"inLanguage\":\"en-GB\",\"potentialAction\":[{\"@type\":\"ReadAction\",\"target\":[\"https:\\\/\\\/huxleysneuewelt.de\\\/accessibility\"]}]},{\"@type\":\"BreadcrumbList\",\"@id\":\"https:\\\/\\\/huxleysneuewelt.de\\\/accessibility#breadcrumb\",\"itemListElement\":[{\"@type\":\"ListItem\",\"position\":1,\"name\":\"Home\",\"item\":\"https:\\\/\\\/huxleysneuewelt.de\\\/\"},{\"@type\":\"ListItem\",\"position\":2,\"name\":\"Barrierefreiheit\"}]},{\"@type\":\"WebSite\",\"@id\":\"https:\\\/\\\/huxleysneuewelt.de\\\/#website\",\"url\":\"https:\\\/\\\/huxleysneuewelt.de\\\/\",\"name\":\"Huxleys Neue Welt\",\"description\":\"\",\"publisher\":{\"@id\":\"https:\\\/\\\/huxleysneuewelt.de\\\/#organization\"},\"potentialAction\":[{\"@type\":\"SearchAction\",\"target\":{\"@type\":\"EntryPoint\",\"urlTemplate\":\"https:\\\/\\\/huxleysneuewelt.de\\\/?s={search_term_string}\"},\"query-input\":{\"@type\":\"PropertyValueSpecification\",\"valueRequired\":true,\"valueName\":\"search_term_string\"}}],\"inLanguage\":\"en-GB\"},{\"@type\":\"Organization\",\"@id\":\"https:\\\/\\\/huxleysneuewelt.de\\\/#organization\",\"name\":\"Huxleys Neue Welt\",\"url\":\"https:\\\/\\\/huxleysneuewelt.de\\\/\",\"logo\":{\"@type\":\"ImageObject\",\"inLanguage\":\"en-GB\",\"@id\":\"https:\\\/\\\/huxleysneuewelt.de\\\/#\\\/schema\\\/logo\\\/image\\\/\",\"url\":\"https:\\\/\\\/huxleysneuewelt.de\\\/wp-content\\\/uploads\\\/2018\\\/07\\\/Huxleys_Neue_Welt_Logo.png\",\"contentUrl\":\"https:\\\/\\\/huxleysneuewelt.de\\\/wp-content\\\/uploads\\\/2018\\\/07\\\/Huxleys_Neue_Welt_Logo.png\",\"width\":1200,\"height\":415,\"caption\":\"Huxleys Neue Welt\"},\"image\":{\"@id\":\"https:\\\/\\\/huxleysneuewelt.de\\\/#\\\/schema\\\/logo\\\/image\\\/\"},\"sameAs\":[\"https:\\\/\\\/facebook.com\\\/huxleysneuewelt\",\"https:\\\/\\\/x.com\\\/huxleysneuewelt\",\"https:\\\/\\\/www.instagram.com\\\/huxleysneuewelt\\\/\"]}]}<\/script>\n<!-- \/ Yoast SEO plugin. -->","yoast_head_json":{"title":"Barrierefreiheit - Huxleys Neue Welt","robots":{"index":"index","follow":"follow","max-snippet":"max-snippet:-1","max-image-preview":"max-image-preview:large","max-video-preview":"max-video-preview:-1"},"canonical":"https:\/\/huxleysneuewelt.de\/en\/accessibility\/","og_locale":"en_GB","og_type":"article","og_title":"Barrierefreiheit - Huxleys Neue Welt","og_description":"Mit einem B (Notwendigkeit st\u00e4ndiger Begleitung), H (Hilflosigkeit) oder BL (Blindheit) in deinem Schwerbehindertenausweis, bist du berechtigt, eine Begleitperson kostenlos mitzunehmen. Wichtig ist, dass du \u00fcber eine g\u00fcltige Eintrittskarte, sowie den entsprechenden Ausweis mit einem der genannten Merkzeichen verf\u00fcgst. Der Zugang zum Konzertsaal selbst ist \u00fcber einen Aufzug zu nehmen, der direkt \u00fcber den Haupteingang ... Read more","og_url":"https:\/\/huxleysneuewelt.de\/en\/accessibility\/","og_site_name":"Huxleys Neue Welt","article_publisher":"https:\/\/facebook.com\/huxleysneuewelt","article_modified_time":"2026-02-26T15:42:38+00:00","twitter_card":"summary_large_image","twitter_site":"@huxleysneuewelt","twitter_misc":{"Estimated reading time":"1 minute"},"schema":{"@context":"https:\/\/schema.org","@graph":[{"@type":"WebPage","@id":"https:\/\/huxleysneuewelt.de\/accessibility","url":"https:\/\/huxleysneuewelt.de\/accessibility","name":"Barrierefreiheit - Huxleys Neue Welt","isPartOf":{"@id":"https:\/\/huxleysneuewelt.de\/#website"},"datePublished":"2023-07-13T15:52:17+00:00","dateModified":"2026-02-26T15:42:38+00:00","breadcrumb":{"@id":"https:\/\/huxleysneuewelt.de\/accessibility#breadcrumb"},"inLanguage":"en-GB","potentialAction":[{"@type":"ReadAction","target":["https:\/\/huxleysneuewelt.de\/accessibility"]}]},{"@type":"BreadcrumbList","@id":"https:\/\/huxleysneuewelt.de\/accessibility#breadcrumb","itemListElement":[{"@type":"ListItem","position":1,"name":"Home","item":"https:\/\/huxleysneuewelt.de\/"},{"@type":"ListItem","position":2,"name":"Barrierefreiheit"}]},{"@type":"WebSite","@id":"https:\/\/huxleysneuewelt.de\/#website","url":"https:\/\/huxleysneuewelt.de\/","name":"Huxleys Neue Welt","description":"","publisher":{"@id":"https:\/\/huxleysneuewelt.de\/#organization"},"potentialAction":[{"@type":"SearchAction","target":{"@type":"EntryPoint","urlTemplate":"https:\/\/huxleysneuewelt.de\/?s={search_term_string}"},"query-input":{"@type":"PropertyValueSpecification","valueRequired":true,"valueName":"search_term_string"}}],"inLanguage":"en-GB"},{"@type":"Organization","@id":"https:\/\/huxleysneuewelt.de\/#organization","name":"Huxleys Neue Welt","url":"https:\/\/huxleysneuewelt.de\/","logo":{"@type":"ImageObject","inLanguage":"en-GB","@id":"https:\/\/huxleysneuewelt.de\/#\/schema\/logo\/image\/","url":"https:\/\/huxleysneuewelt.de\/wp-content\/uploads\/2018\/07\/Huxleys_Neue_Welt_Logo.png","contentUrl":"https:\/\/huxleysneuewelt.de\/wp-content\/uploads\/2018\/07\/Huxleys_Neue_Welt_Logo.png","width":1200,"height":415,"caption":"Huxleys Neue Welt"},"image":{"@id":"https:\/\/huxleysneuewelt.de\/#\/schema\/logo\/image\/"},"sameAs":["https:\/\/facebook.com\/huxleysneuewelt","https:\/\/x.com\/huxleysneuewelt","https:\/\/www.instagram.com\/huxleysneuewelt\/"]}]}},"_links":{"self":[{"href":"https:\/\/huxleysneuewelt.de\/en\/wp-json\/wp\/v2\/pages\/6818","targetHints":{"allow":["GET"]}}],"collection":[{"href":"https:\/\/huxleysneuewelt.de\/en\/wp-json\/wp\/v2\/pages"}],"about":[{"href":"https:\/\/huxleysneuewelt.de\/en\/wp-json\/wp\/v2\/types\/page"}],"author":[{"embeddable":true,"href":"https:\/\/huxleysneuewelt.de\/en\/wp-json\/wp\/v2\/users\/1"}],"replies":[{"embeddable":true,"href":"https:\/\/huxleysneuewelt.de\/en\/wp-json\/wp\/v2\/comments?post=6818"}],"version-history":[{"count":14,"href":"https:\/\/huxleysneuewelt.de\/en\/wp-json\/wp\/v2\/pages\/6818\/revisions"}],"predecessor-version":[{"id":9409,"href":"https:\/\/huxleysneuewelt.de\/en\/wp-json\/wp\/v2\/pages\/6818\/revisions\/9409"}],"wp:attachment":[{"href":"https:\/\/huxleysneuewelt.de\/en\/wp-json\/wp\/v2\/media?parent=6818"}],"curies":[{"name":"wp","href":"https:\/\/api.w.org\/{rel}","templated":true}]}}