{"id":6837,"date":"2023-07-13T18:19:23","date_gmt":"2023-07-13T16:19:23","guid":{"rendered":"https:\/\/huxleysneuewelt.de\/?page_id=6837"},"modified":"2023-09-14T15:15:37","modified_gmt":"2023-09-14T13:15:37","slug":"hotels","status":"publish","type":"page","link":"https:\/\/huxleysneuewelt.de\/en\/hotels","title":{"rendered":"Overnight stays &amp; hotels"},"content":{"rendered":"<p>For an unforgettable stay in Berlin and with us, here is a carefully compiled list of accommodations in the immediate vicinity. From luxurious hotels to cozy hostels, you'll find the perfect accommodation to suit your taste and budget.<\/p>\n\n\n\n<p>Learn more about the different accommodations, their location and facilities to best plan your Berlin visit.<\/p>\n\n\n\n<p>We look forward to having you join us at Huxleys!<\/p>\n\n\n\n<div style=\"height:40px\" aria-hidden=\"true\" class=\"wp-block-spacer\"><\/div>\n\n\n<div class=\"gb-grid-wrapper gb-grid-wrapper-9e4f8e3d\">\n<div class=\"gb-grid-column gb-grid-column-c88235cd\"><div class=\"gb-container gb-container-c88235cd box-shadow\">\n\n<h4 class=\"gb-headline gb-headline-14f154e2\"><span class=\"gb-icon\"><svg aria-hidden=\"true\" height=\"1em\" width=\"1em\" viewbox=\"0 0 576 512\" xmlns=\"http:\/\/www.w3.org\/2000\/svg\"><path fill=\"currentColor\" d=\"M259.3 17.8L194 150.2 47.9 171.5c-26.2 3.8-36.7 36.1-17.7 54.6l105.7 103-25 145.5c-4.5 26.3 23.2 46 46.4 33.7L288 439.6l130.7 68.7c23.2 12.2 50.9-7.4 46.4-33.7l-25-145.5 105.7-103c19-18.5 8.5-50.8-17.7-54.6L382 150.2 316.7 17.8c-11.7-23.6-45.6-23.9-57.4 0z\"><\/path><\/svg><svg aria-hidden=\"true\" height=\"1em\" width=\"1em\" viewbox=\"0 0 576 512\" xmlns=\"http:\/\/www.w3.org\/2000\/svg\"><path fill=\"currentColor\" d=\"M259.3 17.8L194 150.2 47.9 171.5c-26.2 3.8-36.7 36.1-17.7 54.6l105.7 103-25 145.5c-4.5 26.3 23.2 46 46.4 33.7L288 439.6l130.7 68.7c23.2 12.2 50.9-7.4 46.4-33.7l-25-145.5 105.7-103c19-18.5 8.5-50.8-17.7-54.6L382 150.2 316.7 17.8c-11.7-23.6-45.6-23.9-57.4 0z\"><\/path><\/svg><svg xmlns=\"http:\/\/www.w3.org\/2000\/svg\" viewbox=\"0 0 576 512\" width=\"1em\" height=\"1em\" aria-hidden=\"true\"><path d=\"M259.3 17.8L194 150.2 47.9 171.5c-26.2 3.8-36.7 36.1-17.7 54.6l105.7 103-25 145.5c-4.5 26.3 23.2 46 46.4 33.7L288 439.6l130.7 68.7c23.2 12.2 50.9-7.4 46.4-33.7l-25-145.5 105.7-103c19-18.5 8.5-50.8-17.7-54.6L382 150.2 316.7 17.8c-11.7-23.6-45.6-23.9-57.4 0z\" fill=\"currentColor\"><\/path><\/svg><\/span><span class=\"gb-headline-text\">Hotel Ludwig van Beethoven<\/span><\/h4>\n\n\n\n<p><strong>Address:<\/strong> Hasenheide 14, 10967 Berlin<br><strong>Phone:<\/strong> &nbsp;<a href=\"tel:+49306957000\">+4930 6957000<\/a><br><strong>Website:<\/strong> <a href=\"https:\/\/www.hotel-ludwig-van-beethoven.de\/\" target=\"_blank\" rel=\"noreferrer noopener\">hotel-ludwig-van-beethoven.de<\/a><\/p>\n\n<\/div><\/div>\n\n<div class=\"gb-grid-column gb-grid-column-849131a2\"><div class=\"gb-container gb-container-849131a2 box-shadow\">\n\n<h4 class=\"gb-headline gb-headline-4fee6c2d\"><span class=\"gb-icon\"><svg xmlns=\"http:\/\/www.w3.org\/2000\/svg\" viewbox=\"0 0 576 512\" width=\"1em\" height=\"1em\" aria-hidden=\"true\"><path d=\"M259.3 17.8L194 150.2 47.9 171.5c-26.2 3.8-36.7 36.1-17.7 54.6l105.7 103-25 145.5c-4.5 26.3 23.2 46 46.4 33.7L288 439.6l130.7 68.7c23.2 12.2 50.9-7.4 46.4-33.7l-25-145.5 105.7-103c19-18.5 8.5-50.8-17.7-54.6L382 150.2 316.7 17.8c-11.7-23.6-45.6-23.9-57.4 0z\" fill=\"currentColor\"><\/path><\/svg><svg xmlns=\"http:\/\/www.w3.org\/2000\/svg\" viewbox=\"0 0 576 512\" width=\"1em\" height=\"1em\" aria-hidden=\"true\"><path d=\"M259.3 17.8L194 150.2 47.9 171.5c-26.2 3.8-36.7 36.1-17.7 54.6l105.7 103-25 145.5c-4.5 26.3 23.2 46 46.4 33.7L288 439.6l130.7 68.7c23.2 12.2 50.9-7.4 46.4-33.7l-25-145.5 105.7-103c19-18.5 8.5-50.8-17.7-54.6L382 150.2 316.7 17.8c-11.7-23.6-45.6-23.9-57.4 0z\" fill=\"currentColor\"><\/path><\/svg><svg aria-hidden=\"true\" height=\"1em\" width=\"1em\" viewbox=\"0 0 576 512\" xmlns=\"http:\/\/www.w3.org\/2000\/svg\"><path fill=\"currentColor\" d=\"M259.3 17.8L194 150.2 47.9 171.5c-26.2 3.8-36.7 36.1-17.7 54.6l105.7 103-25 145.5c-4.5 26.3 23.2 46 46.4 33.7L288 439.6l130.7 68.7c23.2 12.2 50.9-7.4 46.4-33.7l-25-145.5 105.7-103c19-18.5 8.5-50.8-17.7-54.6L382 150.2 316.7 17.8c-11.7-23.6-45.6-23.9-57.4 0z\"><\/path><\/svg><svg aria-hidden=\"true\" height=\"1em\" width=\"1em\" viewbox=\"0 0 576 512\" xmlns=\"http:\/\/www.w3.org\/2000\/svg\"><path fill=\"currentColor\" d=\"M259.3 17.8L194 150.2 47.9 171.5c-26.2 3.8-36.7 36.1-17.7 54.6l105.7 103-25 145.5c-4.5 26.3 23.2 46 46.4 33.7L288 439.6l130.7 68.7c23.2 12.2 50.9-7.4 46.4-33.7l-25-145.5 105.7-103c19-18.5 8.5-50.8-17.7-54.6L382 150.2 316.7 17.8c-11.7-23.6-45.6-23.9-57.4 0z\"><\/path><\/svg><\/span><span class=\"gb-headline-text\">Mercure Hotel Berlin Tempelhof<\/span><\/h4>\n\n\n\n<p><strong>Address:<\/strong> Rollbergstra\u00dfe 214-216, 12049 Berlin<br><strong>Phone:<\/strong> &nbsp;<a href=\"tel:+4930627800\">+4930 627800<\/a><br><strong>Website:<\/strong> <a href=\"https:\/\/all.accor.com\/hotel\/1894\/index.de.shtml\" target=\"_blank\" rel=\"noreferrer noopener\">all.accor.com<\/a><\/p>\n\n<\/div><\/div>\n\n<div class=\"gb-grid-column gb-grid-column-8c67f1fb\"><div class=\"gb-container gb-container-8c67f1fb box-shadow\">\n\n<h4 class=\"gb-headline gb-headline-f07c57c6 gb-headline-text\">H\u00fcttenpalast<\/h4>\n\n\n\n<p><strong>Address:<\/strong> Hobrechtstra\u00dfe 65\/66, 12047 Berlin<br><strong>Phone:<\/strong> &nbsp;<a href=\"tel:+493037305806\">+4930 37305806<\/a><br><strong>Website:<\/strong> <a href=\"http:\/\/www.huettenpalast.de\/\" target=\"_blank\" rel=\"noreferrer noopener\">huettenpalast.de<\/a><\/p>\n\n<\/div><\/div>\n\n<div class=\"gb-grid-column gb-grid-column-a1235b6a\"><div class=\"gb-container gb-container-a1235b6a box-shadow\">\n\n<h4 class=\"gb-headline gb-headline-30000f66 gb-headline-text\">Grand Hostel Berlin Urban<\/h4>\n\n\n\n<p><strong>Address:<\/strong> Sonnenallee 6, 12043 Berlin<br><strong>Phone:<\/strong> &nbsp;<a href=\"tel:+49306957000\">+493<\/a><a href=\"tel:+4930613820\">0 613820<\/a><br><strong>Website:<\/strong> <a href=\"https:\/\/grandhostel-berlin.de\/urban\/\" target=\"_blank\" rel=\"noreferrer noopener\">grandhostel-berlin.de\/urban<\/a><\/p>\n\n<\/div><\/div>\n<\/div>","protected":false},"excerpt":{"rendered":"<p>F\u00fcr einen unvergesslichen Aufenthalt in Berlin und bei uns haben wir hier eine sorgf\u00e4ltig zusammengestellte Liste von Unterk\u00fcnften in unmittelbarer N\u00e4he. Von luxuri\u00f6sen Hotels bis hin zu gem\u00fctlichen Hostels &#8211; hier findest du die perfekte \u00dcbernachtungsm\u00f6glichkeit, die deinem Geschmack und Budget entspricht. Erfahre hier mehr \u00fcber die verschiedenen Unterk\u00fcnfte, ihre Lage und Ausstattung, um deinen &#8230; <a title=\"\u00dcbernachtungen &#038; Hotels\" class=\"read-more\" href=\"https:\/\/huxleysneuewelt.de\/en\/hotels\" aria-label=\"Read more about \u00dcbernachtungen &#038; Hotels\">Read more<\/a><\/p>","protected":false},"author":1,"featured_media":0,"parent":0,"menu_order":0,"comment_status":"closed","ping_status":"closed","template":"","meta":{"_acf_changed":false,"footnotes":""},"class_list":["post-6837","page","type-page","status-publish"],"acf":[],"yoast_head":"<!-- This site is optimized with the Yoast SEO plugin v27.3 - https:\/\/yoast.com\/product\/yoast-seo-wordpress\/ -->\n<title>\u00dcbernachtungen &amp; Hotels - Huxleys Neue Welt<\/title>\n<meta name=\"robots\" content=\"index, follow, max-snippet:-1, max-image-preview:large, max-video-preview:-1\" \/>\n<link rel=\"canonical\" href=\"https:\/\/huxleysneuewelt.de\/en\/hotels\/\" \/>\n<meta property=\"og:locale\" content=\"en_GB\" \/>\n<meta property=\"og:type\" content=\"article\" \/>\n<meta property=\"og:title\" content=\"\u00dcbernachtungen &amp; Hotels - Huxleys Neue Welt\" \/>\n<meta property=\"og:description\" content=\"F\u00fcr einen unvergesslichen Aufenthalt in Berlin und bei uns haben wir hier eine sorgf\u00e4ltig zusammengestellte Liste von Unterk\u00fcnften in unmittelbarer N\u00e4he. Von luxuri\u00f6sen Hotels bis hin zu gem\u00fctlichen Hostels &#8211; hier findest du die perfekte \u00dcbernachtungsm\u00f6glichkeit, die deinem Geschmack und Budget entspricht. Erfahre hier mehr \u00fcber die verschiedenen Unterk\u00fcnfte, ihre Lage und Ausstattung, um deinen ... Read more\" \/>\n<meta property=\"og:url\" content=\"https:\/\/huxleysneuewelt.de\/en\/hotels\/\" \/>\n<meta property=\"og:site_name\" content=\"Huxleys Neue Welt\" \/>\n<meta property=\"article:publisher\" content=\"https:\/\/facebook.com\/huxleysneuewelt\" \/>\n<meta property=\"article:modified_time\" content=\"2023-09-14T13:15:37+00:00\" \/>\n<meta name=\"twitter:card\" content=\"summary_large_image\" \/>\n<meta name=\"twitter:site\" content=\"@huxleysneuewelt\" \/>\n<meta name=\"twitter:label1\" content=\"Estimated reading time\" \/>\n\t<meta name=\"twitter:data1\" content=\"1 minute\" \/>\n<script type=\"application\/ld+json\" class=\"yoast-schema-graph\">{\"@context\":\"https:\\\/\\\/schema.org\",\"@graph\":[{\"@type\":\"WebPage\",\"@id\":\"https:\\\/\\\/huxleysneuewelt.de\\\/hotels\",\"url\":\"https:\\\/\\\/huxleysneuewelt.de\\\/hotels\",\"name\":\"\u00dcbernachtungen & Hotels - Huxleys Neue Welt\",\"isPartOf\":{\"@id\":\"https:\\\/\\\/huxleysneuewelt.de\\\/#website\"},\"datePublished\":\"2023-07-13T16:19:23+00:00\",\"dateModified\":\"2023-09-14T13:15:37+00:00\",\"breadcrumb\":{\"@id\":\"https:\\\/\\\/huxleysneuewelt.de\\\/hotels#breadcrumb\"},\"inLanguage\":\"en-GB\",\"potentialAction\":[{\"@type\":\"ReadAction\",\"target\":[\"https:\\\/\\\/huxleysneuewelt.de\\\/hotels\"]}]},{\"@type\":\"BreadcrumbList\",\"@id\":\"https:\\\/\\\/huxleysneuewelt.de\\\/hotels#breadcrumb\",\"itemListElement\":[{\"@type\":\"ListItem\",\"position\":1,\"name\":\"Home\",\"item\":\"https:\\\/\\\/huxleysneuewelt.de\\\/\"},{\"@type\":\"ListItem\",\"position\":2,\"name\":\"\u00dcbernachtungen &#038; Hotels\"}]},{\"@type\":\"WebSite\",\"@id\":\"https:\\\/\\\/huxleysneuewelt.de\\\/#website\",\"url\":\"https:\\\/\\\/huxleysneuewelt.de\\\/\",\"name\":\"Huxleys Neue Welt\",\"description\":\"\",\"publisher\":{\"@id\":\"https:\\\/\\\/huxleysneuewelt.de\\\/#organization\"},\"potentialAction\":[{\"@type\":\"SearchAction\",\"target\":{\"@type\":\"EntryPoint\",\"urlTemplate\":\"https:\\\/\\\/huxleysneuewelt.de\\\/?s={search_term_string}\"},\"query-input\":{\"@type\":\"PropertyValueSpecification\",\"valueRequired\":true,\"valueName\":\"search_term_string\"}}],\"inLanguage\":\"en-GB\"},{\"@type\":\"Organization\",\"@id\":\"https:\\\/\\\/huxleysneuewelt.de\\\/#organization\",\"name\":\"Huxleys Neue Welt\",\"url\":\"https:\\\/\\\/huxleysneuewelt.de\\\/\",\"logo\":{\"@type\":\"ImageObject\",\"inLanguage\":\"en-GB\",\"@id\":\"https:\\\/\\\/huxleysneuewelt.de\\\/#\\\/schema\\\/logo\\\/image\\\/\",\"url\":\"https:\\\/\\\/huxleysneuewelt.de\\\/wp-content\\\/uploads\\\/2018\\\/07\\\/Huxleys_Neue_Welt_Logo.png\",\"contentUrl\":\"https:\\\/\\\/huxleysneuewelt.de\\\/wp-content\\\/uploads\\\/2018\\\/07\\\/Huxleys_Neue_Welt_Logo.png\",\"width\":1200,\"height\":415,\"caption\":\"Huxleys Neue Welt\"},\"image\":{\"@id\":\"https:\\\/\\\/huxleysneuewelt.de\\\/#\\\/schema\\\/logo\\\/image\\\/\"},\"sameAs\":[\"https:\\\/\\\/facebook.com\\\/huxleysneuewelt\",\"https:\\\/\\\/x.com\\\/huxleysneuewelt\",\"https:\\\/\\\/www.instagram.com\\\/huxleysneuewelt\\\/\"]}]}<\/script>\n<!-- \/ Yoast SEO plugin. -->","yoast_head_json":{"title":"\u00dcbernachtungen & Hotels - Huxleys Neue Welt","robots":{"index":"index","follow":"follow","max-snippet":"max-snippet:-1","max-image-preview":"max-image-preview:large","max-video-preview":"max-video-preview:-1"},"canonical":"https:\/\/huxleysneuewelt.de\/en\/hotels\/","og_locale":"en_GB","og_type":"article","og_title":"\u00dcbernachtungen & Hotels - Huxleys Neue Welt","og_description":"F\u00fcr einen unvergesslichen Aufenthalt in Berlin und bei uns haben wir hier eine sorgf\u00e4ltig zusammengestellte Liste von Unterk\u00fcnften in unmittelbarer N\u00e4he. Von luxuri\u00f6sen Hotels bis hin zu gem\u00fctlichen Hostels &#8211; hier findest du die perfekte \u00dcbernachtungsm\u00f6glichkeit, die deinem Geschmack und Budget entspricht. Erfahre hier mehr \u00fcber die verschiedenen Unterk\u00fcnfte, ihre Lage und Ausstattung, um deinen ... Read more","og_url":"https:\/\/huxleysneuewelt.de\/en\/hotels\/","og_site_name":"Huxleys Neue Welt","article_publisher":"https:\/\/facebook.com\/huxleysneuewelt","article_modified_time":"2023-09-14T13:15:37+00:00","twitter_card":"summary_large_image","twitter_site":"@huxleysneuewelt","twitter_misc":{"Estimated reading time":"1 minute"},"schema":{"@context":"https:\/\/schema.org","@graph":[{"@type":"WebPage","@id":"https:\/\/huxleysneuewelt.de\/hotels","url":"https:\/\/huxleysneuewelt.de\/hotels","name":"\u00dcbernachtungen & Hotels - Huxleys Neue Welt","isPartOf":{"@id":"https:\/\/huxleysneuewelt.de\/#website"},"datePublished":"2023-07-13T16:19:23+00:00","dateModified":"2023-09-14T13:15:37+00:00","breadcrumb":{"@id":"https:\/\/huxleysneuewelt.de\/hotels#breadcrumb"},"inLanguage":"en-GB","potentialAction":[{"@type":"ReadAction","target":["https:\/\/huxleysneuewelt.de\/hotels"]}]},{"@type":"BreadcrumbList","@id":"https:\/\/huxleysneuewelt.de\/hotels#breadcrumb","itemListElement":[{"@type":"ListItem","position":1,"name":"Home","item":"https:\/\/huxleysneuewelt.de\/"},{"@type":"ListItem","position":2,"name":"\u00dcbernachtungen &#038; Hotels"}]},{"@type":"WebSite","@id":"https:\/\/huxleysneuewelt.de\/#website","url":"https:\/\/huxleysneuewelt.de\/","name":"Huxleys Neue Welt","description":"","publisher":{"@id":"https:\/\/huxleysneuewelt.de\/#organization"},"potentialAction":[{"@type":"SearchAction","target":{"@type":"EntryPoint","urlTemplate":"https:\/\/huxleysneuewelt.de\/?s={search_term_string}"},"query-input":{"@type":"PropertyValueSpecification","valueRequired":true,"valueName":"search_term_string"}}],"inLanguage":"en-GB"},{"@type":"Organization","@id":"https:\/\/huxleysneuewelt.de\/#organization","name":"Huxleys Neue Welt","url":"https:\/\/huxleysneuewelt.de\/","logo":{"@type":"ImageObject","inLanguage":"en-GB","@id":"https:\/\/huxleysneuewelt.de\/#\/schema\/logo\/image\/","url":"https:\/\/huxleysneuewelt.de\/wp-content\/uploads\/2018\/07\/Huxleys_Neue_Welt_Logo.png","contentUrl":"https:\/\/huxleysneuewelt.de\/wp-content\/uploads\/2018\/07\/Huxleys_Neue_Welt_Logo.png","width":1200,"height":415,"caption":"Huxleys Neue Welt"},"image":{"@id":"https:\/\/huxleysneuewelt.de\/#\/schema\/logo\/image\/"},"sameAs":["https:\/\/facebook.com\/huxleysneuewelt","https:\/\/x.com\/huxleysneuewelt","https:\/\/www.instagram.com\/huxleysneuewelt\/"]}]}},"_links":{"self":[{"href":"https:\/\/huxleysneuewelt.de\/en\/wp-json\/wp\/v2\/pages\/6837","targetHints":{"allow":["GET"]}}],"collection":[{"href":"https:\/\/huxleysneuewelt.de\/en\/wp-json\/wp\/v2\/pages"}],"about":[{"href":"https:\/\/huxleysneuewelt.de\/en\/wp-json\/wp\/v2\/types\/page"}],"author":[{"embeddable":true,"href":"https:\/\/huxleysneuewelt.de\/en\/wp-json\/wp\/v2\/users\/1"}],"replies":[{"embeddable":true,"href":"https:\/\/huxleysneuewelt.de\/en\/wp-json\/wp\/v2\/comments?post=6837"}],"version-history":[{"count":24,"href":"https:\/\/huxleysneuewelt.de\/en\/wp-json\/wp\/v2\/pages\/6837\/revisions"}],"predecessor-version":[{"id":7127,"href":"https:\/\/huxleysneuewelt.de\/en\/wp-json\/wp\/v2\/pages\/6837\/revisions\/7127"}],"wp:attachment":[{"href":"https:\/\/huxleysneuewelt.de\/en\/wp-json\/wp\/v2\/media?parent=6837"}],"curies":[{"name":"wp","href":"https:\/\/api.w.org\/{rel}","templated":true}]}}