{"id":7316,"date":"2023-10-13T11:41:11","date_gmt":"2023-10-13T09:41:11","guid":{"rendered":"https:\/\/huxleysneuewelt.de\/?page_id=7316"},"modified":"2025-11-18T13:16:37","modified_gmt":"2025-11-18T12:16:37","slug":"event-location","status":"publish","type":"page","link":"https:\/\/huxleysneuewelt.de\/en\/event-location","title":{"rendered":"Event Location"},"content":{"rendered":"<figure class=\"wp-block-gallery has-nested-images columns-4 is-cropped wp-block-gallery-1 is-layout-flex wp-block-gallery-is-layout-flex\">\n<figure class=\"wp-block-image size-medium\"><a href=\"https:\/\/huxleysneuewelt.de\/wp-content\/uploads\/2023\/10\/huxleys-event-location-01.webp\"><img loading=\"lazy\" decoding=\"async\" width=\"850\" height=\"569\" data-id=\"7340\" src=\"https:\/\/huxleysneuewelt.de\/wp-content\/uploads\/2023\/10\/huxleys-event-location-01-850x569.webp\" alt=\"\" class=\"wp-image-7340\" srcset=\"https:\/\/huxleysneuewelt.de\/wp-content\/uploads\/2023\/10\/huxleys-event-location-01-850x569.webp 850w, https:\/\/huxleysneuewelt.de\/wp-content\/uploads\/2023\/10\/huxleys-event-location-01-1200x804.webp 1200w, https:\/\/huxleysneuewelt.de\/wp-content\/uploads\/2023\/10\/huxleys-event-location-01-500x335.webp 500w, https:\/\/huxleysneuewelt.de\/wp-content\/uploads\/2023\/10\/huxleys-event-location-01-1536x1029.webp 1536w, https:\/\/huxleysneuewelt.de\/wp-content\/uploads\/2023\/10\/huxleys-event-location-01-2048x1371.webp 2048w, https:\/\/huxleysneuewelt.de\/wp-content\/uploads\/2023\/10\/huxleys-event-location-01-18x12.webp 18w\" sizes=\"auto, (max-width: 850px) 100vw, 850px\" \/><\/a><\/figure>\n\n\n\n<figure class=\"wp-block-image size-medium\"><a href=\"https:\/\/huxleysneuewelt.de\/wp-content\/uploads\/2023\/10\/huxleys-event-location-02.webp\"><img loading=\"lazy\" decoding=\"async\" width=\"850\" height=\"569\" data-id=\"7337\" src=\"https:\/\/huxleysneuewelt.de\/wp-content\/uploads\/2023\/10\/huxleys-event-location-02-850x569.webp\" alt=\"\" class=\"wp-image-7337\" srcset=\"https:\/\/huxleysneuewelt.de\/wp-content\/uploads\/2023\/10\/huxleys-event-location-02-850x569.webp 850w, https:\/\/huxleysneuewelt.de\/wp-content\/uploads\/2023\/10\/huxleys-event-location-02-1200x804.webp 1200w, https:\/\/huxleysneuewelt.de\/wp-content\/uploads\/2023\/10\/huxleys-event-location-02-500x335.webp 500w, https:\/\/huxleysneuewelt.de\/wp-content\/uploads\/2023\/10\/huxleys-event-location-02-1536x1029.webp 1536w, https:\/\/huxleysneuewelt.de\/wp-content\/uploads\/2023\/10\/huxleys-event-location-02-2048x1371.webp 2048w, https:\/\/huxleysneuewelt.de\/wp-content\/uploads\/2023\/10\/huxleys-event-location-02-18x12.webp 18w\" sizes=\"auto, (max-width: 850px) 100vw, 850px\" \/><\/a><\/figure>\n\n\n\n<figure class=\"wp-block-image size-medium\"><a href=\"https:\/\/huxleysneuewelt.de\/wp-content\/uploads\/2023\/10\/huxleys-event-location-03.webp\"><img loading=\"lazy\" decoding=\"async\" width=\"850\" height=\"569\" data-id=\"7339\" src=\"https:\/\/huxleysneuewelt.de\/wp-content\/uploads\/2023\/10\/huxleys-event-location-03-850x569.webp\" alt=\"\" class=\"wp-image-7339\" srcset=\"https:\/\/huxleysneuewelt.de\/wp-content\/uploads\/2023\/10\/huxleys-event-location-03-850x569.webp 850w, https:\/\/huxleysneuewelt.de\/wp-content\/uploads\/2023\/10\/huxleys-event-location-03-1200x804.webp 1200w, https:\/\/huxleysneuewelt.de\/wp-content\/uploads\/2023\/10\/huxleys-event-location-03-500x335.webp 500w, https:\/\/huxleysneuewelt.de\/wp-content\/uploads\/2023\/10\/huxleys-event-location-03-1536x1029.webp 1536w, https:\/\/huxleysneuewelt.de\/wp-content\/uploads\/2023\/10\/huxleys-event-location-03-2048x1371.webp 2048w, https:\/\/huxleysneuewelt.de\/wp-content\/uploads\/2023\/10\/huxleys-event-location-03-18x12.webp 18w\" sizes=\"auto, (max-width: 850px) 100vw, 850px\" \/><\/a><\/figure>\n\n\n\n<figure class=\"wp-block-image size-medium\"><a href=\"https:\/\/huxleysneuewelt.de\/wp-content\/uploads\/2023\/10\/huxleys-event-location-04.webp\"><img loading=\"lazy\" decoding=\"async\" width=\"850\" height=\"569\" data-id=\"7338\" src=\"https:\/\/huxleysneuewelt.de\/wp-content\/uploads\/2023\/10\/huxleys-event-location-04-850x569.webp\" alt=\"\" class=\"wp-image-7338\" srcset=\"https:\/\/huxleysneuewelt.de\/wp-content\/uploads\/2023\/10\/huxleys-event-location-04-850x569.webp 850w, https:\/\/huxleysneuewelt.de\/wp-content\/uploads\/2023\/10\/huxleys-event-location-04-1200x804.webp 1200w, https:\/\/huxleysneuewelt.de\/wp-content\/uploads\/2023\/10\/huxleys-event-location-04-500x335.webp 500w, https:\/\/huxleysneuewelt.de\/wp-content\/uploads\/2023\/10\/huxleys-event-location-04-1536x1029.webp 1536w, https:\/\/huxleysneuewelt.de\/wp-content\/uploads\/2023\/10\/huxleys-event-location-04-2048x1371.webp 2048w, https:\/\/huxleysneuewelt.de\/wp-content\/uploads\/2023\/10\/huxleys-event-location-04-18x12.webp 18w\" sizes=\"auto, (max-width: 850px) 100vw, 850px\" \/><\/a><\/figure>\n<\/figure>\n\n\n<div class=\"gb-container gb-container-fa1a9cf4\">\n\n<p><strong>The Huxleys is more than just a concert venue.<\/strong><br>Our venue is also available for corporate events such as company events, presentations, Christmas parties, team events and many more.<\/p>\n\n\n\n<div class=\"wp-block-buttons is-layout-flex wp-block-buttons-is-layout-flex\">\n<div class=\"wp-block-button\"><a class=\"wp-block-button__link wp-element-button\" href=\"mailto:events@channelmusic.de\"><strong>Jetzt informieren<\/strong><\/a><\/div>\n<\/div>\n\n<\/div>","protected":false},"excerpt":{"rendered":"<p>Das Huxleys ist mehr als eine Konzertlocation.Unsere Venue steht auch f\u00fcr Corporate Events wie Firmenveranstaltungen, Pr\u00e4sentationen, Weihnachtsfeiern, Teamevents und vielen weiteren zur Verf\u00fcgung.<\/p>","protected":false},"author":1,"featured_media":0,"parent":0,"menu_order":0,"comment_status":"closed","ping_status":"closed","template":"","meta":{"_acf_changed":false,"footnotes":""},"class_list":["post-7316","page","type-page","status-publish"],"acf":[],"yoast_head":"<!-- This site is optimized with the Yoast SEO plugin v27.3 - https:\/\/yoast.com\/product\/yoast-seo-wordpress\/ -->\n<title>Event Location - Huxleys Neue Welt<\/title>\n<meta name=\"robots\" content=\"index, follow, max-snippet:-1, max-image-preview:large, max-video-preview:-1\" \/>\n<link rel=\"canonical\" href=\"https:\/\/huxleysneuewelt.de\/en\/event-location\/\" \/>\n<meta property=\"og:locale\" content=\"en_GB\" \/>\n<meta property=\"og:type\" content=\"article\" \/>\n<meta property=\"og:title\" content=\"Event Location - Huxleys Neue Welt\" \/>\n<meta property=\"og:description\" content=\"Das Huxleys ist mehr als eine Konzertlocation.Unsere Venue steht auch f\u00fcr Corporate Events wie Firmenveranstaltungen, Pr\u00e4sentationen, Weihnachtsfeiern, Teamevents und vielen weiteren zur Verf\u00fcgung.\" \/>\n<meta property=\"og:url\" content=\"https:\/\/huxleysneuewelt.de\/en\/event-location\/\" \/>\n<meta property=\"og:site_name\" content=\"Huxleys Neue Welt\" \/>\n<meta property=\"article:publisher\" content=\"https:\/\/facebook.com\/huxleysneuewelt\" \/>\n<meta property=\"article:modified_time\" content=\"2025-11-18T12:16:37+00:00\" \/>\n<meta property=\"og:image\" content=\"https:\/\/huxleysneuewelt.de\/wp-content\/uploads\/2023\/10\/huxleys-event-location-01.webp\" \/>\n\t<meta property=\"og:image:width\" content=\"2500\" \/>\n\t<meta property=\"og:image:height\" content=\"1674\" \/>\n\t<meta property=\"og:image:type\" content=\"image\/webp\" \/>\n<meta name=\"twitter:card\" content=\"summary_large_image\" \/>\n<meta name=\"twitter:site\" content=\"@huxleysneuewelt\" \/>\n<meta name=\"twitter:label1\" content=\"Estimated reading time\" \/>\n\t<meta name=\"twitter:data1\" content=\"1 minute\" \/>\n<script type=\"application\/ld+json\" class=\"yoast-schema-graph\">{\"@context\":\"https:\\\/\\\/schema.org\",\"@graph\":[{\"@type\":\"WebPage\",\"@id\":\"https:\\\/\\\/huxleysneuewelt.de\\\/event-location\",\"url\":\"https:\\\/\\\/huxleysneuewelt.de\\\/event-location\",\"name\":\"Event Location - Huxleys Neue Welt\",\"isPartOf\":{\"@id\":\"https:\\\/\\\/huxleysneuewelt.de\\\/#website\"},\"primaryImageOfPage\":{\"@id\":\"https:\\\/\\\/huxleysneuewelt.de\\\/event-location#primaryimage\"},\"image\":{\"@id\":\"https:\\\/\\\/huxleysneuewelt.de\\\/event-location#primaryimage\"},\"thumbnailUrl\":\"https:\\\/\\\/huxleysneuewelt.de\\\/wp-content\\\/uploads\\\/2023\\\/10\\\/huxleys-event-location-01-850x569.webp\",\"datePublished\":\"2023-10-13T09:41:11+00:00\",\"dateModified\":\"2025-11-18T12:16:37+00:00\",\"breadcrumb\":{\"@id\":\"https:\\\/\\\/huxleysneuewelt.de\\\/event-location#breadcrumb\"},\"inLanguage\":\"en-GB\",\"potentialAction\":[{\"@type\":\"ReadAction\",\"target\":[\"https:\\\/\\\/huxleysneuewelt.de\\\/event-location\"]}]},{\"@type\":\"ImageObject\",\"inLanguage\":\"en-GB\",\"@id\":\"https:\\\/\\\/huxleysneuewelt.de\\\/event-location#primaryimage\",\"url\":\"https:\\\/\\\/huxleysneuewelt.de\\\/wp-content\\\/uploads\\\/2023\\\/10\\\/huxleys-event-location-01-850x569.webp\",\"contentUrl\":\"https:\\\/\\\/huxleysneuewelt.de\\\/wp-content\\\/uploads\\\/2023\\\/10\\\/huxleys-event-location-01-850x569.webp\"},{\"@type\":\"BreadcrumbList\",\"@id\":\"https:\\\/\\\/huxleysneuewelt.de\\\/event-location#breadcrumb\",\"itemListElement\":[{\"@type\":\"ListItem\",\"position\":1,\"name\":\"Home\",\"item\":\"https:\\\/\\\/huxleysneuewelt.de\\\/\"},{\"@type\":\"ListItem\",\"position\":2,\"name\":\"Event Location\"}]},{\"@type\":\"WebSite\",\"@id\":\"https:\\\/\\\/huxleysneuewelt.de\\\/#website\",\"url\":\"https:\\\/\\\/huxleysneuewelt.de\\\/\",\"name\":\"Huxleys Neue Welt\",\"description\":\"\",\"publisher\":{\"@id\":\"https:\\\/\\\/huxleysneuewelt.de\\\/#organization\"},\"potentialAction\":[{\"@type\":\"SearchAction\",\"target\":{\"@type\":\"EntryPoint\",\"urlTemplate\":\"https:\\\/\\\/huxleysneuewelt.de\\\/?s={search_term_string}\"},\"query-input\":{\"@type\":\"PropertyValueSpecification\",\"valueRequired\":true,\"valueName\":\"search_term_string\"}}],\"inLanguage\":\"en-GB\"},{\"@type\":\"Organization\",\"@id\":\"https:\\\/\\\/huxleysneuewelt.de\\\/#organization\",\"name\":\"Huxleys Neue Welt\",\"url\":\"https:\\\/\\\/huxleysneuewelt.de\\\/\",\"logo\":{\"@type\":\"ImageObject\",\"inLanguage\":\"en-GB\",\"@id\":\"https:\\\/\\\/huxleysneuewelt.de\\\/#\\\/schema\\\/logo\\\/image\\\/\",\"url\":\"https:\\\/\\\/huxleysneuewelt.de\\\/wp-content\\\/uploads\\\/2018\\\/07\\\/Huxleys_Neue_Welt_Logo.png\",\"contentUrl\":\"https:\\\/\\\/huxleysneuewelt.de\\\/wp-content\\\/uploads\\\/2018\\\/07\\\/Huxleys_Neue_Welt_Logo.png\",\"width\":1200,\"height\":415,\"caption\":\"Huxleys Neue Welt\"},\"image\":{\"@id\":\"https:\\\/\\\/huxleysneuewelt.de\\\/#\\\/schema\\\/logo\\\/image\\\/\"},\"sameAs\":[\"https:\\\/\\\/facebook.com\\\/huxleysneuewelt\",\"https:\\\/\\\/x.com\\\/huxleysneuewelt\",\"https:\\\/\\\/www.instagram.com\\\/huxleysneuewelt\\\/\"]}]}<\/script>\n<!-- \/ Yoast SEO plugin. -->","yoast_head_json":{"title":"Event Location - Huxleys Neue Welt","robots":{"index":"index","follow":"follow","max-snippet":"max-snippet:-1","max-image-preview":"max-image-preview:large","max-video-preview":"max-video-preview:-1"},"canonical":"https:\/\/huxleysneuewelt.de\/en\/event-location\/","og_locale":"en_GB","og_type":"article","og_title":"Event Location - Huxleys Neue Welt","og_description":"Das Huxleys ist mehr als eine Konzertlocation.Unsere Venue steht auch f\u00fcr Corporate Events wie Firmenveranstaltungen, Pr\u00e4sentationen, Weihnachtsfeiern, Teamevents und vielen weiteren zur Verf\u00fcgung.","og_url":"https:\/\/huxleysneuewelt.de\/en\/event-location\/","og_site_name":"Huxleys Neue Welt","article_publisher":"https:\/\/facebook.com\/huxleysneuewelt","article_modified_time":"2025-11-18T12:16:37+00:00","og_image":[{"width":2500,"height":1674,"url":"https:\/\/huxleysneuewelt.de\/wp-content\/uploads\/2023\/10\/huxleys-event-location-01.webp","type":"image\/webp"}],"twitter_card":"summary_large_image","twitter_site":"@huxleysneuewelt","twitter_misc":{"Estimated reading time":"1 minute"},"schema":{"@context":"https:\/\/schema.org","@graph":[{"@type":"WebPage","@id":"https:\/\/huxleysneuewelt.de\/event-location","url":"https:\/\/huxleysneuewelt.de\/event-location","name":"Event Location - Huxleys Neue Welt","isPartOf":{"@id":"https:\/\/huxleysneuewelt.de\/#website"},"primaryImageOfPage":{"@id":"https:\/\/huxleysneuewelt.de\/event-location#primaryimage"},"image":{"@id":"https:\/\/huxleysneuewelt.de\/event-location#primaryimage"},"thumbnailUrl":"https:\/\/huxleysneuewelt.de\/wp-content\/uploads\/2023\/10\/huxleys-event-location-01-850x569.webp","datePublished":"2023-10-13T09:41:11+00:00","dateModified":"2025-11-18T12:16:37+00:00","breadcrumb":{"@id":"https:\/\/huxleysneuewelt.de\/event-location#breadcrumb"},"inLanguage":"en-GB","potentialAction":[{"@type":"ReadAction","target":["https:\/\/huxleysneuewelt.de\/event-location"]}]},{"@type":"ImageObject","inLanguage":"en-GB","@id":"https:\/\/huxleysneuewelt.de\/event-location#primaryimage","url":"https:\/\/huxleysneuewelt.de\/wp-content\/uploads\/2023\/10\/huxleys-event-location-01-850x569.webp","contentUrl":"https:\/\/huxleysneuewelt.de\/wp-content\/uploads\/2023\/10\/huxleys-event-location-01-850x569.webp"},{"@type":"BreadcrumbList","@id":"https:\/\/huxleysneuewelt.de\/event-location#breadcrumb","itemListElement":[{"@type":"ListItem","position":1,"name":"Home","item":"https:\/\/huxleysneuewelt.de\/"},{"@type":"ListItem","position":2,"name":"Event Location"}]},{"@type":"WebSite","@id":"https:\/\/huxleysneuewelt.de\/#website","url":"https:\/\/huxleysneuewelt.de\/","name":"Huxleys Neue Welt","description":"","publisher":{"@id":"https:\/\/huxleysneuewelt.de\/#organization"},"potentialAction":[{"@type":"SearchAction","target":{"@type":"EntryPoint","urlTemplate":"https:\/\/huxleysneuewelt.de\/?s={search_term_string}"},"query-input":{"@type":"PropertyValueSpecification","valueRequired":true,"valueName":"search_term_string"}}],"inLanguage":"en-GB"},{"@type":"Organization","@id":"https:\/\/huxleysneuewelt.de\/#organization","name":"Huxleys Neue Welt","url":"https:\/\/huxleysneuewelt.de\/","logo":{"@type":"ImageObject","inLanguage":"en-GB","@id":"https:\/\/huxleysneuewelt.de\/#\/schema\/logo\/image\/","url":"https:\/\/huxleysneuewelt.de\/wp-content\/uploads\/2018\/07\/Huxleys_Neue_Welt_Logo.png","contentUrl":"https:\/\/huxleysneuewelt.de\/wp-content\/uploads\/2018\/07\/Huxleys_Neue_Welt_Logo.png","width":1200,"height":415,"caption":"Huxleys Neue Welt"},"image":{"@id":"https:\/\/huxleysneuewelt.de\/#\/schema\/logo\/image\/"},"sameAs":["https:\/\/facebook.com\/huxleysneuewelt","https:\/\/x.com\/huxleysneuewelt","https:\/\/www.instagram.com\/huxleysneuewelt\/"]}]}},"_links":{"self":[{"href":"https:\/\/huxleysneuewelt.de\/en\/wp-json\/wp\/v2\/pages\/7316","targetHints":{"allow":["GET"]}}],"collection":[{"href":"https:\/\/huxleysneuewelt.de\/en\/wp-json\/wp\/v2\/pages"}],"about":[{"href":"https:\/\/huxleysneuewelt.de\/en\/wp-json\/wp\/v2\/types\/page"}],"author":[{"embeddable":true,"href":"https:\/\/huxleysneuewelt.de\/en\/wp-json\/wp\/v2\/users\/1"}],"replies":[{"embeddable":true,"href":"https:\/\/huxleysneuewelt.de\/en\/wp-json\/wp\/v2\/comments?post=7316"}],"version-history":[{"count":22,"href":"https:\/\/huxleysneuewelt.de\/en\/wp-json\/wp\/v2\/pages\/7316\/revisions"}],"predecessor-version":[{"id":9196,"href":"https:\/\/huxleysneuewelt.de\/en\/wp-json\/wp\/v2\/pages\/7316\/revisions\/9196"}],"wp:attachment":[{"href":"https:\/\/huxleysneuewelt.de\/en\/wp-json\/wp\/v2\/media?parent=7316"}],"curies":[{"name":"wp","href":"https:\/\/api.w.org\/{rel}","templated":true}]}}